{"id":3252,"date":"2017-06-30T08:39:41","date_gmt":"2017-06-30T08:39:41","guid":{"rendered":"http:\/\/lapointevillas.com\/home\/?page_id=3252"},"modified":"2025-10-30T02:26:07","modified_gmt":"2025-10-30T02:26:07","slug":"accueil2","status":"publish","type":"page","link":"http:\/\/lapointevillas.com\/home\/fr\/accueil2\/","title":{"rendered":"accueil2"},"content":{"rendered":"<\/div><\/div><\/div><!-- close content main div --><\/div><\/div><div id='full_slider_1' class='avia-fullwidth-slider main_color avia-shadow  container_wrap sidebar_right'   ><div  data-size='no scaling'  data-lightbox_size='large'  data-animation='slide'  data-ids='3708,3729'  data-video_counter='0'  data-autoplay='true'  data-bg_slider='false'  data-slide_height=''  data-handle='av_slideshow_full'  data-interval='5'  data-class=' '  data-css_id=''  data-scroll_down=''  data-control_layout='av-control-default'  data-custom_markup=''  data-perma_caption='aviaTBperma_caption'  data-autoplay_stopper=''  data-image_attachment=''  data-min_height='0px'  data-src=''  data-position='top left'  data-repeat='no-repeat'  data-attach='scroll'  data-stretch=''  class='avia-slideshow avia-slideshow-1  av-control-default av-default-height-applied avia-slideshow-no scaling av_slideshow_full   avia-slide-slider '  itemscope=\"itemscope\" itemtype=\"https:\/\/schema.org\/ImageObject\" ><ul class='avia-slideshow-inner' style='padding-bottom: 50%;'><li  class=' slide-1 ' ><div data-rel='slideshow-1' class='avia-slide-wrap'  ><img data-recalc-dims=\"1\" src=\"https:\/\/i0.wp.com\/lapointevillas.com\/home\/wp-content\/uploads\/2018\/07\/LPV1.jpg?resize=1200%2C600\" width=\"1200\" height=\"600\" title='LPV1' alt=''  itemprop=\"thumbnailUrl\"   \/><\/div><\/li><li  class=' slide-2 ' ><div data-rel='slideshow-1' class='avia-slide-wrap'  ><img data-recalc-dims=\"1\" src=\"https:\/\/i0.wp.com\/lapointevillas.com\/home\/wp-content\/uploads\/2018\/07\/LPV2.jpg?resize=1200%2C600\" width=\"1200\" height=\"600\" title='LPV2' alt=''  itemprop=\"thumbnailUrl\"   \/><\/div><\/li><\/ul><div class='avia-slideshow-arrows avia-slideshow-controls'><a href='#prev' class='prev-slide' aria-hidden='true' data-av_icon='\ue87c' data-av_iconfont='entypo-fontello'>Previous<\/a><a href='#next' class='next-slide' aria-hidden='true' data-av_icon='\ue87d' data-av_iconfont='entypo-fontello'>Next<\/a><\/div><div class='avia-slideshow-dots avia-slideshow-controls'><a href='#1' class='goto-slide active' >1<\/a><a href='#2' class='goto-slide ' >2<\/a><\/div><div class = \"caption_fullwidth av-slideshow-caption caption_left caption_left_framed caption_framed\"><div class = \"container caption_container\"><div class = \"slideshow_caption\"><div class = \"slideshow_inner_caption\"><div class = \"slideshow_align_caption\"><h2  class='avia-caption-title'  itemprop=\"name\" >LA POINTE VILLAS<\/h2><div class='avia-caption-content '  itemprop=\"description\"  ><p>Pointe Aux Cannonnier, Mauritius<\/p>\n<\/div><\/div><\/div><\/div><\/div><\/div><\/div><\/div>\n<\/div><\/div><\/div><!-- close content main div --><\/div><\/div><div id='av_section_1' class='avia-section main_color avia-section-default avia-no-border-styling av-section-color-overlay-active avia-bg-style-scroll  container_wrap sidebar_right'   ><div class='av-section-color-overlay-wrap'><div class='av-section-color-overlay' style='opacity: 0.8; background-color: #ffffff; '><\/div><a href='#next-section' title='' class='scroll-down-link' aria-hidden='true' data-av_icon='\ue877' data-av_iconfont='entypo-fontello'><\/a><div class='container' ><div class='template-page content  av-content-small alpha units'><div class='post-entry post-entry-type-page post-entry-3252'><div class='entry-content-wrapper clearfix'>\n<div style='padding-bottom:20px;color:#c81f26;font-size:40px;' class='av-special-heading av-special-heading-h1 custom-color-heading blockquote modern-quote  av-inherit-size'><h1 class='av-special-heading-tag'  itemprop=\"headline\"  >Bienvenue \u00e0 La Pointe Villas! <\/h1><div class='special-heading-border'><div class='special-heading-inner-border' style='border-color:#c81f26'><\/div><\/div><\/div>\n<div class=\"flex_column av_one_half  flex_column_div av-zero-column-padding first  \" style='border-radius:0px; '><section class=\"av_textblock_section\"  itemscope=\"itemscope\" itemtype=\"https:\/\/schema.org\/CreativeWork\" ><div class='avia_textblock  av_inherit_color'  style='color:#000000; '  itemprop=\"text\" ><p>Situ\u00e9 sur la p\u00e9ninsule de La Pointe aux Canonniers, au nord-est de l&#8217;\u00eele, La Pointe Villas est l&#8217;endroit id\u00e9al pour vos vacances. A quelques minutes du village de Grand Baie, vous aurez l&#8217;occasion de profiter des nombreux restaurants, boutiques et des soir\u00e9es tr\u00e8s anim\u00e9es.<\/p>\n<p>Nos villas conviennent aux couples aussi bien qu&#8217;\u00e0 des familles avec enfants. Nich\u00e9 dans un magnifique jardin tropical, La Pointe Villas met aussi \u00e0 votre disposition deux superbes piscines et un terrain de tennis.<\/p>\n<p>Confort et intimit\u00e9 vous attendent \u00e0 La Pointe Villas avec le traditionnel accueil mauricien.<\/p>\n<\/div><\/section><\/div><div class=\"flex_column av_one_half  flex_column_div av-zero-column-padding   \" style='border-radius:0px; '><div id='av-masonry-1' class='av-masonry noHover av-fixed-size av-large-gap av-hover-overlay-active av-masonry-col-flexible av-caption-always av-caption-style- av-masonry-gallery    '  ><div class='av-masonry-container isotope av-js-disabled ' ><div class='av-masonry-entry isotope-item av-masonry-item-no-image '><\/div><a href=\"https:\/\/i0.wp.com\/lapointevillas.com\/home\/wp-content\/uploads\/2017\/01\/pool5.jpg?fit=800%2C532\" id='av-masonry-1-item-3232' data-av-masonry-item='3232' class='av-masonry-entry isotope-item post-3232 attachment type-attachment status-inherit hentry  av-masonry-item-with-image av-grid-img' title=\"\"  itemprop=\"thumbnailUrl\" ><div class='av-inner-masonry-sizer'><\/div><figure class='av-inner-masonry main_color'><div class=\"av-masonry-outerimage-container\"><div class=\"av-masonry-image-container\" style=\"background-image: url(https:\/\/i0.wp.com\/lapointevillas.com\/home\/wp-content\/uploads\/2017\/01\/pool5.jpg?fit=705%2C469);\"><img decoding=\"async\" src=\"https:\/\/i0.wp.com\/lapointevillas.com\/home\/wp-content\/uploads\/2017\/01\/pool5.jpg?fit=705%2C469\" title=\"pool5\" alt=\"\" \/><\/div><\/div><\/figure><\/a><!--end av-masonry entry--><a href=\"https:\/\/i0.wp.com\/lapointevillas.com\/home\/wp-content\/uploads\/2017\/01\/flower.jpg?fit=388%2C400\" id='av-masonry-1-item-3231' data-av-masonry-item='3231' class='av-masonry-entry isotope-item post-3231 attachment type-attachment status-inherit hentry  av-masonry-item-with-image av-grid-img' title=\"\"  itemprop=\"thumbnailUrl\" ><div class='av-inner-masonry-sizer'><\/div><figure class='av-inner-masonry main_color'><div class=\"av-masonry-outerimage-container\"><div class=\"av-masonry-image-container\" style=\"background-image: url(https:\/\/i0.wp.com\/lapointevillas.com\/home\/wp-content\/uploads\/2017\/01\/flower.jpg?fit=388%2C400);\"><img decoding=\"async\" src=\"https:\/\/i0.wp.com\/lapointevillas.com\/home\/wp-content\/uploads\/2017\/01\/flower.jpg?fit=388%2C400\" title=\"flower\" alt=\"\" \/><\/div><\/div><\/figure><\/a><!--end av-masonry entry--><a href=\"https:\/\/i0.wp.com\/lapointevillas.com\/home\/wp-content\/uploads\/2017\/01\/room1.jpg?fit=902%2C600\" id='av-masonry-1-item-3233' data-av-masonry-item='3233' class='av-masonry-entry isotope-item post-3233 attachment type-attachment status-inherit hentry  av-masonry-item-with-image av-grid-img' title=\"\"  itemprop=\"thumbnailUrl\" ><div class='av-inner-masonry-sizer'><\/div><figure class='av-inner-masonry main_color'><div class=\"av-masonry-outerimage-container\"><div class=\"av-masonry-image-container\" style=\"background-image: url(https:\/\/i0.wp.com\/lapointevillas.com\/home\/wp-content\/uploads\/2017\/01\/room1.jpg?fit=705%2C469);\"><img decoding=\"async\" src=\"https:\/\/i0.wp.com\/lapointevillas.com\/home\/wp-content\/uploads\/2017\/01\/room1.jpg?fit=705%2C469\" title=\"room1\" alt=\"\" \/><\/div><\/div><\/figure><\/a><!--end av-masonry entry--><a href=\"https:\/\/i0.wp.com\/lapointevillas.com\/home\/wp-content\/uploads\/2017\/01\/Garden-and-Pool.jpg?fit=902%2C600\" id='av-masonry-1-item-3237' data-av-masonry-item='3237' class='av-masonry-entry isotope-item post-3237 attachment type-attachment status-inherit hentry  av-masonry-item-with-image av-grid-img' title=\"\"  itemprop=\"thumbnailUrl\" ><div class='av-inner-masonry-sizer'><\/div><figure class='av-inner-masonry main_color'><div class=\"av-masonry-outerimage-container\"><div class=\"av-masonry-image-container\" style=\"background-image: url(https:\/\/i0.wp.com\/lapointevillas.com\/home\/wp-content\/uploads\/2017\/01\/Garden-and-Pool.jpg?fit=705%2C469);\"><img decoding=\"async\" src=\"https:\/\/i0.wp.com\/lapointevillas.com\/home\/wp-content\/uploads\/2017\/01\/Garden-and-Pool.jpg?fit=705%2C469\" title=\"Garden-and-Pool\" alt=\"\" \/><\/div><\/div><\/figure><\/a><!--end av-masonry entry--><a href=\"https:\/\/i0.wp.com\/lapointevillas.com\/home\/wp-content\/uploads\/2017\/01\/Pool-View.jpg?fit=530%2C800\" id='av-masonry-1-item-3239' data-av-masonry-item='3239' class='av-masonry-entry isotope-item post-3239 attachment type-attachment status-inherit hentry  av-masonry-item-with-image av-grid-img' title=\"\"  itemprop=\"thumbnailUrl\" ><div class='av-inner-masonry-sizer'><\/div><figure class='av-inner-masonry main_color'><div class=\"av-masonry-outerimage-container\"><div class=\"av-masonry-image-container\" style=\"background-image: url(https:\/\/i0.wp.com\/lapointevillas.com\/home\/wp-content\/uploads\/2017\/01\/Pool-View.jpg?fit=467%2C705);\"><img decoding=\"async\" src=\"https:\/\/i0.wp.com\/lapointevillas.com\/home\/wp-content\/uploads\/2017\/01\/Pool-View.jpg?fit=467%2C705\" title=\"Pool-View\" alt=\"\" \/><\/div><\/div><\/figure><\/a><!--end av-masonry entry--><a href=\"https:\/\/i0.wp.com\/lapointevillas.com\/home\/wp-content\/uploads\/2017\/01\/Room-2.jpg?fit=600%2C689\" id='av-masonry-1-item-3243' data-av-masonry-item='3243' class='av-masonry-entry isotope-item post-3243 attachment type-attachment status-inherit hentry  av-masonry-item-with-image av-grid-img' title=\"\"  itemprop=\"thumbnailUrl\" ><div class='av-inner-masonry-sizer'><\/div><figure class='av-inner-masonry main_color'><div class=\"av-masonry-outerimage-container\"><div class=\"av-masonry-image-container\" style=\"background-image: url(https:\/\/i0.wp.com\/lapointevillas.com\/home\/wp-content\/uploads\/2017\/01\/Room-2.jpg?fit=600%2C689);\"><img decoding=\"async\" src=\"https:\/\/i0.wp.com\/lapointevillas.com\/home\/wp-content\/uploads\/2017\/01\/Room-2.jpg?fit=600%2C689\" title=\"Room-2\" alt=\"\" \/><\/div><\/div><\/figure><\/a><!--end av-masonry entry--><a href=\"https:\/\/i0.wp.com\/lapointevillas.com\/home\/wp-content\/uploads\/2017\/01\/Flowers2.jpg?fit=603%2C400\" id='av-masonry-1-item-3244' data-av-masonry-item='3244' class='av-masonry-entry isotope-item post-3244 attachment type-attachment status-inherit hentry  av-masonry-item-with-image av-grid-img' title=\"\"  itemprop=\"thumbnailUrl\" ><div class='av-inner-masonry-sizer'><\/div><figure class='av-inner-masonry main_color'><div class=\"av-masonry-outerimage-container\"><div class=\"av-masonry-image-container\" style=\"background-image: url(https:\/\/i0.wp.com\/lapointevillas.com\/home\/wp-content\/uploads\/2017\/01\/Flowers2.jpg?fit=603%2C400);\"><img decoding=\"async\" src=\"https:\/\/i0.wp.com\/lapointevillas.com\/home\/wp-content\/uploads\/2017\/01\/Flowers2.jpg?fit=603%2C400\" title=\"Flowers2\" alt=\"\" \/><\/div><\/div><\/figure><\/a><!--end av-masonry entry--><\/div><\/div><\/div>\n<\/div><\/div><\/div><!-- close content main div --><\/div><\/div><\/div><div id='after_section_1' class='main_color av_default_container_wrap container_wrap sidebar_right'   ><div class='container' ><div class='template-page content  av-content-small alpha units'><div class='post-entry post-entry-type-page post-entry-3252'><div class='entry-content-wrapper clearfix'>\n<div id='av-masonry-2' class='av-masonry noHover av-flex-size av-large-gap av-hover-overlay-active av-masonry-col-6 av-caption-on-hover av-caption-style- av-masonry-gallery    ' style='background-color:#35383c; ' ><div class='av-masonry-container isotope av-js-disabled ' ><div class='av-masonry-entry isotope-item av-masonry-item-no-image '><\/div><a href=\"https:\/\/www.hotelscombined.com\/Hotel\/La_Pointe_Villas.htm\" id='av-masonry-2-item-3284' data-av-masonry-item='3284' class='av-masonry-entry isotope-item post-3284 attachment type-attachment status-inherit hentry  av-masonry-item-with-image' title=\"\"  itemprop=\"thumbnailUrl\" ><div class='av-inner-masonry-sizer'><\/div><figure class='av-inner-masonry main_color'><div class=\"av-masonry-outerimage-container\"><div class=\"av-masonry-image-container\" style=\"background-image: url(https:\/\/i0.wp.com\/lapointevillas.com\/home\/wp-content\/uploads\/2017\/01\/hotelscombined.jpg?fit=202%2C223);\"><img decoding=\"async\" src=\"https:\/\/i0.wp.com\/lapointevillas.com\/home\/wp-content\/uploads\/2017\/01\/hotelscombined.jpg?fit=202%2C223\" title=\"hotelscombined\" alt=\"\" \/><\/div><\/div><\/figure><\/a><!--end av-masonry entry--><a href=\"https:\/\/www.tripadvisor.com\/Hotel_Review-g644023-d1155226-Reviews-La_Pointe_Villas-Pointe_aux_Canonniers.html\" id='av-masonry-2-item-3279' data-av-masonry-item='3279' class='av-masonry-entry isotope-item post-3279 attachment type-attachment status-inherit hentry  av-masonry-item-with-image' title=\"\"  itemprop=\"thumbnailUrl\" ><div class='av-inner-masonry-sizer'><\/div><figure class='av-inner-masonry main_color'><div class=\"av-masonry-outerimage-container\"><div class=\"av-masonry-image-container\" style=\"background-image: url(https:\/\/i0.wp.com\/lapointevillas.com\/home\/wp-content\/uploads\/2017\/01\/tripadvisor.jpg?fit=202%2C223);\"><img decoding=\"async\" src=\"https:\/\/i0.wp.com\/lapointevillas.com\/home\/wp-content\/uploads\/2017\/01\/tripadvisor.jpg?fit=202%2C223\" title=\"tripadvisor\" alt=\"\" \/><\/div><\/div><\/figure><\/a><!--end av-masonry entry--><a href=\"https:\/\/www.sleeping-out.co.za\/md\/La-Pointe-Villas\/21054\" id='av-masonry-2-item-3280' data-av-masonry-item='3280' class='av-masonry-entry isotope-item post-3280 attachment type-attachment status-inherit hentry  av-masonry-item-with-image' title=\"\"  itemprop=\"thumbnailUrl\" ><div class='av-inner-masonry-sizer'><\/div><figure class='av-inner-masonry main_color'><div class=\"av-masonry-outerimage-container\"><div class=\"av-masonry-image-container\" style=\"background-image: url(https:\/\/i0.wp.com\/lapointevillas.com\/home\/wp-content\/uploads\/2017\/01\/sleepingout2.jpg?fit=202%2C223);\"><img decoding=\"async\" src=\"https:\/\/i0.wp.com\/lapointevillas.com\/home\/wp-content\/uploads\/2017\/01\/sleepingout2.jpg?fit=202%2C223\" title=\"sleepingout2\" alt=\"\" \/><\/div><\/div><\/figure><\/a><!--end av-masonry entry--><a href=\"https:\/\/www.sleeping-out.co.za\/md\/La-Pointe-Villas\/21054\" id='av-masonry-2-item-3281' data-av-masonry-item='3281' class='av-masonry-entry isotope-item post-3281 attachment type-attachment status-inherit hentry  av-masonry-item-with-image' title=\"\"  itemprop=\"thumbnailUrl\" ><div class='av-inner-masonry-sizer'><\/div><figure class='av-inner-masonry main_color'><div class=\"av-masonry-outerimage-container\"><div class=\"av-masonry-image-container\" style=\"background-image: url(https:\/\/i0.wp.com\/lapointevillas.com\/home\/wp-content\/uploads\/2017\/01\/sleepingout.jpg?fit=202%2C223);\"><img decoding=\"async\" src=\"https:\/\/i0.wp.com\/lapointevillas.com\/home\/wp-content\/uploads\/2017\/01\/sleepingout.jpg?fit=202%2C223\" title=\"sleepingout\" alt=\"\" \/><\/div><\/div><\/figure><\/a><!--end av-masonry entry--><a href=\"https:\/\/www.booking.com\/hotel\/mu\/la-pointe-villas.en-gb.html\" id='av-masonry-2-item-3282' data-av-masonry-item='3282' class='av-masonry-entry isotope-item post-3282 attachment type-attachment status-inherit hentry  av-masonry-item-with-image' title=\"\"  itemprop=\"thumbnailUrl\" ><div class='av-inner-masonry-sizer'><\/div><figure class='av-inner-masonry main_color'><div class=\"av-masonry-outerimage-container\"><div class=\"av-masonry-image-container\" style=\"background-image: url(https:\/\/i0.wp.com\/lapointevillas.com\/home\/wp-content\/uploads\/2017\/01\/bookingcom2.jpg?fit=202%2C223);\"><img decoding=\"async\" src=\"https:\/\/i0.wp.com\/lapointevillas.com\/home\/wp-content\/uploads\/2017\/01\/bookingcom2.jpg?fit=202%2C223\" title=\"bookingcom2\" alt=\"\" \/><\/div><\/div><\/figure><\/a><!--end av-masonry entry--><a href=\"https:\/\/www.hotels.com\/ho262638\/la-pointe-villas-grand-bay-mauritius\/\" id='av-masonry-2-item-3283' data-av-masonry-item='3283' class='av-masonry-entry isotope-item post-3283 attachment type-attachment status-inherit hentry  av-masonry-item-with-image' title=\"\"  itemprop=\"thumbnailUrl\" ><div class='av-inner-masonry-sizer'><\/div><figure class='av-inner-masonry main_color'><div class=\"av-masonry-outerimage-container\"><div class=\"av-masonry-image-container\" style=\"background-image: url(https:\/\/i0.wp.com\/lapointevillas.com\/home\/wp-content\/uploads\/2017\/01\/hotels_com.jpg?fit=202%2C223);\"><img decoding=\"async\" src=\"https:\/\/i0.wp.com\/lapointevillas.com\/home\/wp-content\/uploads\/2017\/01\/hotels_com.jpg?fit=202%2C223\" title=\"hotels_com\" alt=\"\" \/><\/div><\/div><\/figure><\/a><!--end av-masonry entry--><\/div><\/div>\n<div class=\"flex_column av_one_half  flex_column_div av-zero-column-padding first  \" style='border-radius:0px; '><\/div>\n","protected":false},"excerpt":{"rendered":"","protected":false},"author":1,"featured_media":0,"parent":0,"menu_order":0,"comment_status":"open","ping_status":"closed","template":"","meta":{"nf_dc_page":"","footnotes":""},"class_list":["post-3252","page","type-page","status-publish","hentry"],"yoast_head":"<!-- This site is optimized with the Yoast SEO plugin v27.3 - https:\/\/yoast.com\/product\/yoast-seo-wordpress\/ -->\n<title>accueil2 - La Pointe Villas<\/title>\n<meta name=\"robots\" content=\"index, follow, max-snippet:-1, max-image-preview:large, max-video-preview:-1\" \/>\n<link rel=\"canonical\" href=\"http:\/\/lapointevillas.com\/home\/fr\/accueil2\/\" \/>\n<meta property=\"og:locale\" content=\"en_US\" \/>\n<meta property=\"og:type\" content=\"article\" \/>\n<meta property=\"og:title\" content=\"accueil2 - La Pointe Villas\" \/>\n<meta property=\"og:url\" content=\"http:\/\/lapointevillas.com\/home\/fr\/accueil2\/\" \/>\n<meta property=\"og:site_name\" content=\"La Pointe Villas\" \/>\n<meta property=\"article:publisher\" content=\"https:\/\/www.facebook.com\/lapointevillas\" \/>\n<meta property=\"article:modified_time\" content=\"2025-10-30T02:26:07+00:00\" \/>\n<meta property=\"og:image\" content=\"https:\/\/i0.wp.com\/lapointevillas.com\/home\/wp-content\/uploads\/2025\/10\/la-pointe-villas-1.jpg?fit=1080%2C1080\" \/>\n\t<meta property=\"og:image:width\" content=\"1080\" \/>\n\t<meta property=\"og:image:height\" content=\"1080\" \/>\n\t<meta property=\"og:image:type\" content=\"image\/jpeg\" \/>\n<meta name=\"twitter:card\" content=\"summary_large_image\" \/>\n<meta name=\"twitter:label1\" content=\"Est. reading time\" \/>\n\t<meta name=\"twitter:data1\" content=\"2 minutes\" \/>\n<script type=\"application\/ld+json\" class=\"yoast-schema-graph\">{\"@context\":\"https:\\\/\\\/schema.org\",\"@graph\":[{\"@type\":\"WebPage\",\"@id\":\"http:\\\/\\\/lapointevillas.com\\\/home\\\/fr\\\/accueil2\\\/\",\"url\":\"http:\\\/\\\/lapointevillas.com\\\/home\\\/fr\\\/accueil2\\\/\",\"name\":\"accueil2 - La Pointe Villas\",\"isPartOf\":{\"@id\":\"http:\\\/\\\/lapointevillas.com\\\/home\\\/#website\"},\"datePublished\":\"2017-06-30T08:39:41+00:00\",\"dateModified\":\"2025-10-30T02:26:07+00:00\",\"breadcrumb\":{\"@id\":\"http:\\\/\\\/lapointevillas.com\\\/home\\\/fr\\\/accueil2\\\/#breadcrumb\"},\"inLanguage\":\"en-US\",\"potentialAction\":[{\"@type\":\"ReadAction\",\"target\":[\"http:\\\/\\\/lapointevillas.com\\\/home\\\/fr\\\/accueil2\\\/\"]}]},{\"@type\":\"BreadcrumbList\",\"@id\":\"http:\\\/\\\/lapointevillas.com\\\/home\\\/fr\\\/accueil2\\\/#breadcrumb\",\"itemListElement\":[{\"@type\":\"ListItem\",\"position\":1,\"name\":\"Home\",\"item\":\"http:\\\/\\\/lapointevillas.com\\\/home\\\/\"},{\"@type\":\"ListItem\",\"position\":2,\"name\":\"accueil2\"}]},{\"@type\":\"WebSite\",\"@id\":\"http:\\\/\\\/lapointevillas.com\\\/home\\\/#website\",\"url\":\"http:\\\/\\\/lapointevillas.com\\\/home\\\/\",\"name\":\"La Pointe Villas\",\"description\":\"\",\"publisher\":{\"@id\":\"http:\\\/\\\/lapointevillas.com\\\/home\\\/#organization\"},\"potentialAction\":[{\"@type\":\"SearchAction\",\"target\":{\"@type\":\"EntryPoint\",\"urlTemplate\":\"http:\\\/\\\/lapointevillas.com\\\/home\\\/?s={search_term_string}\"},\"query-input\":{\"@type\":\"PropertyValueSpecification\",\"valueRequired\":true,\"valueName\":\"search_term_string\"}}],\"inLanguage\":\"en-US\"},{\"@type\":\"Organization\",\"@id\":\"http:\\\/\\\/lapointevillas.com\\\/home\\\/#organization\",\"name\":\"La Pointe Villas\",\"url\":\"http:\\\/\\\/lapointevillas.com\\\/home\\\/\",\"logo\":{\"@type\":\"ImageObject\",\"inLanguage\":\"en-US\",\"@id\":\"http:\\\/\\\/lapointevillas.com\\\/home\\\/#\\\/schema\\\/logo\\\/image\\\/\",\"url\":\"https:\\\/\\\/i0.wp.com\\\/lapointevillas.com\\\/home\\\/wp-content\\\/uploads\\\/2017\\\/09\\\/logo_whitebg_lpv.jpg?fit=340%2C156&ssl=1\",\"contentUrl\":\"https:\\\/\\\/i0.wp.com\\\/lapointevillas.com\\\/home\\\/wp-content\\\/uploads\\\/2017\\\/09\\\/logo_whitebg_lpv.jpg?fit=340%2C156&ssl=1\",\"width\":340,\"height\":156,\"caption\":\"La Pointe Villas\"},\"image\":{\"@id\":\"http:\\\/\\\/lapointevillas.com\\\/home\\\/#\\\/schema\\\/logo\\\/image\\\/\"},\"sameAs\":[\"https:\\\/\\\/www.facebook.com\\\/lapointevillas\",\"https:\\\/\\\/www.instagram.com\\\/lapointevillas\"]}]}<\/script>\n<!-- \/ Yoast SEO plugin. -->","yoast_head_json":{"title":"accueil2 - La Pointe Villas","robots":{"index":"index","follow":"follow","max-snippet":"max-snippet:-1","max-image-preview":"max-image-preview:large","max-video-preview":"max-video-preview:-1"},"canonical":"http:\/\/lapointevillas.com\/home\/fr\/accueil2\/","og_locale":"en_US","og_type":"article","og_title":"accueil2 - La Pointe Villas","og_url":"http:\/\/lapointevillas.com\/home\/fr\/accueil2\/","og_site_name":"La Pointe Villas","article_publisher":"https:\/\/www.facebook.com\/lapointevillas","article_modified_time":"2025-10-30T02:26:07+00:00","og_image":[{"width":1080,"height":1080,"url":"https:\/\/i0.wp.com\/lapointevillas.com\/home\/wp-content\/uploads\/2025\/10\/la-pointe-villas-1.jpg?fit=1080%2C1080","type":"image\/jpeg"}],"twitter_card":"summary_large_image","twitter_misc":{"Est. reading time":"2 minutes"},"schema":{"@context":"https:\/\/schema.org","@graph":[{"@type":"WebPage","@id":"http:\/\/lapointevillas.com\/home\/fr\/accueil2\/","url":"http:\/\/lapointevillas.com\/home\/fr\/accueil2\/","name":"accueil2 - La Pointe Villas","isPartOf":{"@id":"http:\/\/lapointevillas.com\/home\/#website"},"datePublished":"2017-06-30T08:39:41+00:00","dateModified":"2025-10-30T02:26:07+00:00","breadcrumb":{"@id":"http:\/\/lapointevillas.com\/home\/fr\/accueil2\/#breadcrumb"},"inLanguage":"en-US","potentialAction":[{"@type":"ReadAction","target":["http:\/\/lapointevillas.com\/home\/fr\/accueil2\/"]}]},{"@type":"BreadcrumbList","@id":"http:\/\/lapointevillas.com\/home\/fr\/accueil2\/#breadcrumb","itemListElement":[{"@type":"ListItem","position":1,"name":"Home","item":"http:\/\/lapointevillas.com\/home\/"},{"@type":"ListItem","position":2,"name":"accueil2"}]},{"@type":"WebSite","@id":"http:\/\/lapointevillas.com\/home\/#website","url":"http:\/\/lapointevillas.com\/home\/","name":"La Pointe Villas","description":"","publisher":{"@id":"http:\/\/lapointevillas.com\/home\/#organization"},"potentialAction":[{"@type":"SearchAction","target":{"@type":"EntryPoint","urlTemplate":"http:\/\/lapointevillas.com\/home\/?s={search_term_string}"},"query-input":{"@type":"PropertyValueSpecification","valueRequired":true,"valueName":"search_term_string"}}],"inLanguage":"en-US"},{"@type":"Organization","@id":"http:\/\/lapointevillas.com\/home\/#organization","name":"La Pointe Villas","url":"http:\/\/lapointevillas.com\/home\/","logo":{"@type":"ImageObject","inLanguage":"en-US","@id":"http:\/\/lapointevillas.com\/home\/#\/schema\/logo\/image\/","url":"https:\/\/i0.wp.com\/lapointevillas.com\/home\/wp-content\/uploads\/2017\/09\/logo_whitebg_lpv.jpg?fit=340%2C156&ssl=1","contentUrl":"https:\/\/i0.wp.com\/lapointevillas.com\/home\/wp-content\/uploads\/2017\/09\/logo_whitebg_lpv.jpg?fit=340%2C156&ssl=1","width":340,"height":156,"caption":"La Pointe Villas"},"image":{"@id":"http:\/\/lapointevillas.com\/home\/#\/schema\/logo\/image\/"},"sameAs":["https:\/\/www.facebook.com\/lapointevillas","https:\/\/www.instagram.com\/lapointevillas"]}]}},"jetpack_sharing_enabled":true,"_links":{"self":[{"href":"http:\/\/lapointevillas.com\/home\/wp-json\/wp\/v2\/pages\/3252","targetHints":{"allow":["GET"]}}],"collection":[{"href":"http:\/\/lapointevillas.com\/home\/wp-json\/wp\/v2\/pages"}],"about":[{"href":"http:\/\/lapointevillas.com\/home\/wp-json\/wp\/v2\/types\/page"}],"author":[{"embeddable":true,"href":"http:\/\/lapointevillas.com\/home\/wp-json\/wp\/v2\/users\/1"}],"replies":[{"embeddable":true,"href":"http:\/\/lapointevillas.com\/home\/wp-json\/wp\/v2\/comments?post=3252"}],"version-history":[{"count":5,"href":"http:\/\/lapointevillas.com\/home\/wp-json\/wp\/v2\/pages\/3252\/revisions"}],"predecessor-version":[{"id":4054,"href":"http:\/\/lapointevillas.com\/home\/wp-json\/wp\/v2\/pages\/3252\/revisions\/4054"}],"wp:attachment":[{"href":"http:\/\/lapointevillas.com\/home\/wp-json\/wp\/v2\/media?parent=3252"}],"curies":[{"name":"wp","href":"https:\/\/api.w.org\/{rel}","templated":true}]}}