{"id":3519,"date":"2018-09-04T12:06:39","date_gmt":"2018-09-04T12:06:39","guid":{"rendered":"http:\/\/lapointevillas.com\/home\/?page_id=3519"},"modified":"2025-07-20T05:53:56","modified_gmt":"2025-07-20T05:53:56","slug":"rates_fr","status":"publish","type":"page","link":"http:\/\/lapointevillas.com\/home\/fr\/rates_fr\/","title":{"rendered":"rates_fr"},"content":{"rendered":"<div id='fullscreen_slider_0' class='avia-fullscreen-slider main_color  container_wrap sidebar_right'   ><a href='#next-section' title='' class='scroll-down-link av-control-default' aria-hidden='true' data-av_icon='\ue877' data-av_iconfont='entypo-fontello'><\/a><div  data-size='no scaling'  data-lightbox_size='large'  data-animation='fade'  data-ids='3775'  data-video_counter='0'  data-autoplay='false'  data-bg_slider='true'  data-slide_height='100'  data-handle='av_fullscreen'  data-interval='3'  data-class=' '  data-css_id='fullscreen_slider_0'  data-scroll_down='aviaTBscroll_down'  data-control_layout='av-control-default'  data-custom_markup=''  data-perma_caption=''  data-autoplay_stopper=''  data-image_attachment=''  data-min_height='0px'  data-stretch=''  class='avia-slideshow avia-slideshow-1 av-slider-scroll-down-active av-control-default av-default-height-applied avia-slideshow-no scaling av_fullscreen   avia-fade-slider '  itemscope=\"itemscope\" itemtype=\"https:\/\/schema.org\/ImageObject\" ><ul class='avia-slideshow-inner' style='padding-bottom: 40%;'><li style='background-position:top left;' data-img-url='http:\/\/lapointevillas.com\/home\/wp-content\/uploads\/2018\/03\/Frangipani.jpg' class=' av-single-slide slide-1 ' ><div data-rel='slideshow-1' class='avia-slide-wrap'  ><div class = \"caption_fullwidth av-slideshow-caption caption_bottom\"><div class = \"container caption_container\"><div class = \"slideshow_caption\"><div class = \"slideshow_inner_caption\"><div class = \"slideshow_align_caption\"><h2  style='font-size:24px; ' class='avia-caption-title'  itemprop=\"name\" >LA POINTE VILLAS<\/h2><div class='avia-caption-content av_inherit_color'  itemprop=\"description\"   style='font-size:16px; '><p>Pointe Aux Canonniers<br \/>\nMauritius<\/p>\n<\/div><\/div><\/div><\/div><\/div><\/div><\/div><\/li><\/ul><\/div><\/div>\n<\/div><\/div><\/div><!-- close content main div --><\/div><\/div><div id='av_section_1' class='avia-section main_color avia-section-default avia-no-border-styling av-section-color-overlay-active avia-bg-style-scroll  container_wrap sidebar_right'   ><div class='av-section-color-overlay-wrap'><div class='av-section-color-overlay' style='opacity: 0.8; background-color: #ffffff; '><\/div><a href='#next-section' title='' class='scroll-down-link' aria-hidden='true' data-av_icon='\ue877' data-av_iconfont='entypo-fontello'><\/a><div class='container' ><div class='template-page content  av-content-small alpha units'><div class='post-entry post-entry-type-page post-entry-3519'><div class='entry-content-wrapper clearfix'>\n<div class=\"flex_column av_one_full  flex_column_div av-zero-column-padding first  \" style='border-radius:0px; '><div style='padding-bottom:20px;color:#c81f26;font-size:40px;' class='av-special-heading av-special-heading-h1 custom-color-heading blockquote modern-quote   av-inherit-size'><h1 class='av-special-heading-tag'  itemprop=\"headline\"  >R\u00c9SERVATIONS<\/h1><div class='special-heading-border'><div class='special-heading-inner-border' style='border-color:#c81f26'><\/div><\/div><\/div><\/div><div class=\"flex_column av_three_fourth  flex_column_div av-zero-column-padding first  \" style='border-radius:0px; '><div class=\"tabcontainer  top_tab  \">\n\n<section class=\"av_tab_section\"  itemscope=\"itemscope\" itemtype=\"https:\/\/schema.org\/CreativeWork\" >    <div data-fake-id=\"#tab-id-1\" class=\"tab active_tab\"  itemprop=\"headline\" ><span class='tab_icon' aria-hidden='true' data-av_icon='\ue818' data-av_iconfont='entypo-fontello'><\/span>Tarifs 2025 - 2026<\/div>\n    <div id=\"tab-id-1-container\" class=\"tab_content active_tab_content\">\n        <div class=\"tab_inner_content invers-color\"  itemprop=\"text\" >\n<p class=\"subtitle\" style=\"text-align: center;\">Tarifs publics applicables jusqu&#8217;au 15.01.2026<\/p>\n<p style=\"text-align: center;\"><b>Nos tarifs sont affich\u00e9s en euros (\u20ac) et incluent les taxes gouvernementales<\/b><\/p>\n<p style=\"text-align: center;\"><strong>Period A<\/strong> : 01 Nov 2025 \u2013 14 Dec 2025<\/p>\n<p style=\"text-align: center;\"><strong>Period B<\/strong> : 15 Dec 2025 &#8211; 15 Jan 2026<\/p>\n<div align=\"center\"><\/div>\n<div align=\"center\">\n<table>\n<tbody>\n<tr>\n<td width=\"400\"><strong><b>CAT\u00c9GORIE SUP\u00c9RIEURE, CLIMATIS\u00c9<\/b><\/strong><\/td>\n<td width=\"106\"><strong><b><span style=\"color: #333333;\">A (\u20ac)<\/span><\/b><\/strong><\/td>\n<td width=\"118\"><strong><b>B (\u20ac)<\/b><\/strong><\/td>\n<\/tr>\n<tr>\n<td width=\"400\"><span style=\"font-family: inherit; font-size: inherit;\">Bungalow &#8211; 1 chambre (2 pax)<\/span><\/td>\n<td width=\"106\">102<\/td>\n<td width=\"118\">124<\/td>\n<\/tr>\n<tr>\n<td width=\"400\">Studio &#8211; cat\u00e9gorie Prestige &#8211; 1 chambre (2 pax)<\/td>\n<td width=\"106\">121<\/td>\n<td width=\"118\">146<\/td>\n<\/tr>\n<tr>\n<td width=\"400\">Bungalow &#8211; 2 chambres (4 pax)<\/td>\n<td width=\"106\">131<\/td>\n<td width=\"118\">183<\/td>\n<\/tr>\n<tr>\n<td width=\"400\">Bungalow &#8211; 2 chambres double communicantes (4 pax)<\/td>\n<td width=\"106\">139<\/td>\n<td width=\"118\">195<\/td>\n<\/tr>\n<tr>\n<td width=\"400\">Bungalow &#8211; 3 chambres (6 pax)<\/td>\n<td width=\"106\">154<\/td>\n<td width=\"118\">215<\/td>\n<\/tr>\n<tr>\n<td width=\"400\">Bungalow &#8211; 4 chambres (8 pax)<\/td>\n<td width=\"106\">172<\/td>\n<td width=\"118\">250<\/td>\n<\/tr>\n<\/tbody>\n<\/table>\n<\/div>\n<div style=\"text-align: center;\" align=\"center\"><\/div>\n\n        <\/div>\n    <\/div>\n<\/section>\n\n<section class=\"av_tab_section\"  itemscope=\"itemscope\" itemtype=\"https:\/\/schema.org\/CreativeWork\" >    <div data-fake-id=\"#tab-id-2\" class=\"tab \"  itemprop=\"headline\" ><span class='tab_icon' aria-hidden='true' data-av_icon='\ue818' data-av_iconfont='entypo-fontello'><\/span>Tarifs 2026 - 2027<\/div>\n    <div id=\"tab-id-2-container\" class=\"tab_content \">\n        <div class=\"tab_inner_content invers-color\"  itemprop=\"text\" >\n<p class=\"subtitle\" style=\"text-align: center;\">Tarifs publics applicables jusqu&#8217;au 15.01.2026<\/p>\n<p style=\"text-align: center;\"><b>Nos tarifs sont affich\u00e9s en euros (\u20ac) et incluent les taxes gouvernementales<\/b><\/p>\n<p style=\"text-align: center;\"><strong>Period A<\/strong> : 1 Nov &#8211; 14 Dec 2026<\/p>\n<p style=\"text-align: center;\"><strong>Period B<\/strong> : 15 Dec 2026 &#8211; 15 Jan 2027<\/p>\n<table class=\" aligncenter\" style=\"height: 267px;\" width=\"648\">\n<tbody>\n<tr>\n<td width=\"400\"><strong><b> CAT\u00c9GORIE SUP\u00c9RIEURE, CLIMATIS\u00c9<\/b><\/strong><\/td>\n<td width=\"106\"><strong><b>A<\/b><\/strong><\/td>\n<td width=\"118\"><strong><b>B<\/b><\/strong><\/td>\n<\/tr>\n<tr>\n<td width=\"400\"><span style=\"font-family: inherit; font-size: inherit;\">Bungalow &#8211; 1 chambre (2 pax)<\/span><\/td>\n<td width=\"106\">102<\/td>\n<td width=\"118\">124<\/td>\n<\/tr>\n<tr>\n<td width=\"400\">Studio &#8211; cat\u00e9gorie Prestige &#8211; 1 chambre (2 pax)<\/td>\n<td width=\"106\">121<\/td>\n<td width=\"118\">146<\/td>\n<\/tr>\n<tr>\n<td style=\"text-align: left;\" width=\"400\">Bungalow &#8211; 2 chambres (4 pax)<\/td>\n<td width=\"106\">131<\/td>\n<td width=\"118\">183<\/td>\n<\/tr>\n<tr>\n<td width=\"400\">Bungalow &#8211; 2 chambres double communicantes (4 pax)<\/td>\n<td width=\"106\">139<\/td>\n<td width=\"118\">195<\/td>\n<\/tr>\n<tr>\n<td width=\"400\">Bungalow &#8211; 3 chambres (6 pax)<\/td>\n<td width=\"106\">154<\/td>\n<td width=\"118\">215<\/td>\n<\/tr>\n<tr>\n<td width=\"400\">Bungalow &#8211; 4 chambres (8 pax)<\/td>\n<td width=\"106\">172<\/td>\n<td width=\"118\">250<\/td>\n<\/tr>\n<\/tbody>\n<\/table>\n<div style=\"text-align: center;\" align=\"center\"><\/div>\n\n        <\/div>\n    <\/div>\n<\/section>\n\n<section class=\"av_tab_section\"  itemscope=\"itemscope\" itemtype=\"https:\/\/schema.org\/CreativeWork\" >    <div data-fake-id=\"#tab-id-3\" class=\"tab \"  itemprop=\"headline\" ><span class='tab_icon' aria-hidden='true' data-av_icon='\ue818' data-av_iconfont='entypo-fontello'><\/span>Informations Suppl\u00e9mentaires<\/div>\n    <div id=\"tab-id-3-container\" class=\"tab_content \">\n        <div class=\"tab_inner_content invers-color\"  itemprop=\"text\" >\n<div align=\"center\"><\/div>\n<div align=\"center\">\n<table border=\"1\" width=\"60%\" cellspacing=\"0\" cellpadding=\"10\" align=\"center\">\n<tbody>\n<tr>\n<th colspan=\"2\">INFORMATIONS SUPPL\u00c9MENTAIRES<\/th>\n<\/tr>\n<tr>\n<td>Lit suppl\u00e9mentaire<\/td>\n<td>enfant de 2 \u00e0 13 ans\u00a0\u00a0\u2013 \u20ac12 par jour par enfant<\/td>\n<\/tr>\n<tr>\n<td>Berceau<\/td>\n<td>Enfant moins de 2 ans &#8211; gratuit<\/td>\n<\/tr>\n<tr>\n<td>Inclus dans le tarif<\/td>\n<td>Linges de lit, serviette de bain et service de m\u00e9nage le matin (sauf dimanche et jours f\u00e9ri\u00e9s)<\/td>\n<\/tr>\n<tr>\n<td>Non compris dans le tarif<\/td>\n<td>Repas et boissons<\/td>\n<\/tr>\n<tr>\n<td>Check-in time: 13h00<\/td>\n<td>Check-out time: 11h00<\/td>\n<\/tr>\n<\/tbody>\n<\/table>\n<\/div>\n<p>La Pointe Villas comprend plusieurs bungalows et les premi\u00e8res r\u00e9servations seront les premi\u00e8res \u00e0 \u00eatre consid\u00e9r\u00e9es:<\/p>\n<ul>\n<li>2 bungalows de 2 chambres<\/li>\n<li>2 bungalows de 2 chambres\/suites communicantes<\/li>\n<li>1 bungalow de 3 chambres<\/li>\n<li>1 bungalow de 4 chambres<\/li>\n<li>8 bungalows d&#8217;une chambre\/suite<\/li>\n<li>2 bungalows d&#8217;une chambre\/suite &#8211; cat\u00e9gorie Prestige<\/li>\n<\/ul>\n<p><strong>Conditions d\u2019Annulation :<\/strong><\/p>\n<p>Vous pourrez annuler gratuitement votre r\u00e9servation jusqu&#8217;\u00e0 30 jours avant l&#8217;arriv\u00e9e. Vous devrez payer 100 % du montant total si vous annulez dans les 30 jours pr\u00e9c\u00e9dant l&#8217;arriv\u00e9e. Dans le cas d\u2019une non pr\u00e9sentation, l\u2019int\u00e9gralit\u00e9 du s\u00e9jour vous sera factur\u00e9e.<\/p>\n\n        <\/div>\n    <\/div>\n<\/section>\n\n<\/div><\/div><div style=' margin-top:30px; margin-bottom:30px;'  class='hr hr-custom hr-center hr-icon-yes '><span class='hr-inner   inner-border-av-border-thin' style=' width:50px; border-color:#c81f26;' ><span class='hr-inner-style'><\/span><\/span><span class='av-seperator-icon'  aria-hidden='true' data-av_icon='\ue866' data-av_iconfont='entypo-fontello'><\/span><span class='hr-inner   inner-border-av-border-thin' style=' width:50px; border-color:#c81f26;' ><span class='hr-inner-style'><\/span><\/span><\/div>\n<\/div><\/div><\/div><!-- close content main div --><\/div><\/div><\/div><div id='after_section_1' class='main_color av_default_container_wrap container_wrap sidebar_right'   ><div class='container' ><div class='template-page content  av-content-small alpha units'><div class='post-entry post-entry-type-page post-entry-3519'><div class='entry-content-wrapper clearfix'>\n","protected":false},"excerpt":{"rendered":"","protected":false},"author":1,"featured_media":0,"parent":0,"menu_order":0,"comment_status":"closed","ping_status":"closed","template":"","meta":{"nf_dc_page":"","footnotes":""},"class_list":["post-3519","page","type-page","status-publish","hentry"],"yoast_head":"<!-- This site is optimized with the Yoast SEO plugin v27.3 - https:\/\/yoast.com\/product\/yoast-seo-wordpress\/ -->\n<title>rates_fr - La Pointe Villas<\/title>\n<meta name=\"robots\" content=\"index, follow, max-snippet:-1, max-image-preview:large, max-video-preview:-1\" \/>\n<link rel=\"canonical\" href=\"http:\/\/lapointevillas.com\/home\/fr\/rates_fr\/\" \/>\n<meta property=\"og:locale\" content=\"en_US\" \/>\n<meta property=\"og:type\" content=\"article\" \/>\n<meta property=\"og:title\" content=\"rates_fr - La Pointe Villas\" \/>\n<meta property=\"og:url\" content=\"http:\/\/lapointevillas.com\/home\/fr\/rates_fr\/\" \/>\n<meta property=\"og:site_name\" content=\"La Pointe Villas\" \/>\n<meta property=\"article:publisher\" content=\"https:\/\/www.facebook.com\/lapointevillas\" \/>\n<meta property=\"article:modified_time\" content=\"2025-07-20T05:53:56+00:00\" \/>\n<meta property=\"og:image\" content=\"https:\/\/i0.wp.com\/lapointevillas.com\/home\/wp-content\/uploads\/2025\/10\/la-pointe-villas-1.jpg?fit=1080%2C1080\" \/>\n\t<meta property=\"og:image:width\" content=\"1080\" \/>\n\t<meta property=\"og:image:height\" content=\"1080\" \/>\n\t<meta property=\"og:image:type\" content=\"image\/jpeg\" \/>\n<meta name=\"twitter:card\" content=\"summary_large_image\" \/>\n<meta name=\"twitter:label1\" content=\"Est. reading time\" \/>\n\t<meta name=\"twitter:data1\" content=\"3 minutes\" \/>\n<script type=\"application\/ld+json\" class=\"yoast-schema-graph\">{\"@context\":\"https:\\\/\\\/schema.org\",\"@graph\":[{\"@type\":\"WebPage\",\"@id\":\"http:\\\/\\\/lapointevillas.com\\\/home\\\/fr\\\/rates_fr\\\/\",\"url\":\"http:\\\/\\\/lapointevillas.com\\\/home\\\/fr\\\/rates_fr\\\/\",\"name\":\"rates_fr - La Pointe Villas\",\"isPartOf\":{\"@id\":\"http:\\\/\\\/lapointevillas.com\\\/home\\\/#website\"},\"datePublished\":\"2018-09-04T12:06:39+00:00\",\"dateModified\":\"2025-07-20T05:53:56+00:00\",\"breadcrumb\":{\"@id\":\"http:\\\/\\\/lapointevillas.com\\\/home\\\/fr\\\/rates_fr\\\/#breadcrumb\"},\"inLanguage\":\"en-US\",\"potentialAction\":[{\"@type\":\"ReadAction\",\"target\":[\"http:\\\/\\\/lapointevillas.com\\\/home\\\/fr\\\/rates_fr\\\/\"]}]},{\"@type\":\"BreadcrumbList\",\"@id\":\"http:\\\/\\\/lapointevillas.com\\\/home\\\/fr\\\/rates_fr\\\/#breadcrumb\",\"itemListElement\":[{\"@type\":\"ListItem\",\"position\":1,\"name\":\"Home\",\"item\":\"http:\\\/\\\/lapointevillas.com\\\/home\\\/\"},{\"@type\":\"ListItem\",\"position\":2,\"name\":\"rates_fr\"}]},{\"@type\":\"WebSite\",\"@id\":\"http:\\\/\\\/lapointevillas.com\\\/home\\\/#website\",\"url\":\"http:\\\/\\\/lapointevillas.com\\\/home\\\/\",\"name\":\"La Pointe Villas\",\"description\":\"\",\"publisher\":{\"@id\":\"http:\\\/\\\/lapointevillas.com\\\/home\\\/#organization\"},\"potentialAction\":[{\"@type\":\"SearchAction\",\"target\":{\"@type\":\"EntryPoint\",\"urlTemplate\":\"http:\\\/\\\/lapointevillas.com\\\/home\\\/?s={search_term_string}\"},\"query-input\":{\"@type\":\"PropertyValueSpecification\",\"valueRequired\":true,\"valueName\":\"search_term_string\"}}],\"inLanguage\":\"en-US\"},{\"@type\":\"Organization\",\"@id\":\"http:\\\/\\\/lapointevillas.com\\\/home\\\/#organization\",\"name\":\"La Pointe Villas\",\"url\":\"http:\\\/\\\/lapointevillas.com\\\/home\\\/\",\"logo\":{\"@type\":\"ImageObject\",\"inLanguage\":\"en-US\",\"@id\":\"http:\\\/\\\/lapointevillas.com\\\/home\\\/#\\\/schema\\\/logo\\\/image\\\/\",\"url\":\"https:\\\/\\\/i0.wp.com\\\/lapointevillas.com\\\/home\\\/wp-content\\\/uploads\\\/2017\\\/09\\\/logo_whitebg_lpv.jpg?fit=340%2C156&ssl=1\",\"contentUrl\":\"https:\\\/\\\/i0.wp.com\\\/lapointevillas.com\\\/home\\\/wp-content\\\/uploads\\\/2017\\\/09\\\/logo_whitebg_lpv.jpg?fit=340%2C156&ssl=1\",\"width\":340,\"height\":156,\"caption\":\"La Pointe Villas\"},\"image\":{\"@id\":\"http:\\\/\\\/lapointevillas.com\\\/home\\\/#\\\/schema\\\/logo\\\/image\\\/\"},\"sameAs\":[\"https:\\\/\\\/www.facebook.com\\\/lapointevillas\",\"https:\\\/\\\/www.instagram.com\\\/lapointevillas\"]}]}<\/script>\n<!-- \/ Yoast SEO plugin. -->","yoast_head_json":{"title":"rates_fr - La Pointe Villas","robots":{"index":"index","follow":"follow","max-snippet":"max-snippet:-1","max-image-preview":"max-image-preview:large","max-video-preview":"max-video-preview:-1"},"canonical":"http:\/\/lapointevillas.com\/home\/fr\/rates_fr\/","og_locale":"en_US","og_type":"article","og_title":"rates_fr - La Pointe Villas","og_url":"http:\/\/lapointevillas.com\/home\/fr\/rates_fr\/","og_site_name":"La Pointe Villas","article_publisher":"https:\/\/www.facebook.com\/lapointevillas","article_modified_time":"2025-07-20T05:53:56+00:00","og_image":[{"width":1080,"height":1080,"url":"https:\/\/i0.wp.com\/lapointevillas.com\/home\/wp-content\/uploads\/2025\/10\/la-pointe-villas-1.jpg?fit=1080%2C1080","type":"image\/jpeg"}],"twitter_card":"summary_large_image","twitter_misc":{"Est. reading time":"3 minutes"},"schema":{"@context":"https:\/\/schema.org","@graph":[{"@type":"WebPage","@id":"http:\/\/lapointevillas.com\/home\/fr\/rates_fr\/","url":"http:\/\/lapointevillas.com\/home\/fr\/rates_fr\/","name":"rates_fr - La Pointe Villas","isPartOf":{"@id":"http:\/\/lapointevillas.com\/home\/#website"},"datePublished":"2018-09-04T12:06:39+00:00","dateModified":"2025-07-20T05:53:56+00:00","breadcrumb":{"@id":"http:\/\/lapointevillas.com\/home\/fr\/rates_fr\/#breadcrumb"},"inLanguage":"en-US","potentialAction":[{"@type":"ReadAction","target":["http:\/\/lapointevillas.com\/home\/fr\/rates_fr\/"]}]},{"@type":"BreadcrumbList","@id":"http:\/\/lapointevillas.com\/home\/fr\/rates_fr\/#breadcrumb","itemListElement":[{"@type":"ListItem","position":1,"name":"Home","item":"http:\/\/lapointevillas.com\/home\/"},{"@type":"ListItem","position":2,"name":"rates_fr"}]},{"@type":"WebSite","@id":"http:\/\/lapointevillas.com\/home\/#website","url":"http:\/\/lapointevillas.com\/home\/","name":"La Pointe Villas","description":"","publisher":{"@id":"http:\/\/lapointevillas.com\/home\/#organization"},"potentialAction":[{"@type":"SearchAction","target":{"@type":"EntryPoint","urlTemplate":"http:\/\/lapointevillas.com\/home\/?s={search_term_string}"},"query-input":{"@type":"PropertyValueSpecification","valueRequired":true,"valueName":"search_term_string"}}],"inLanguage":"en-US"},{"@type":"Organization","@id":"http:\/\/lapointevillas.com\/home\/#organization","name":"La Pointe Villas","url":"http:\/\/lapointevillas.com\/home\/","logo":{"@type":"ImageObject","inLanguage":"en-US","@id":"http:\/\/lapointevillas.com\/home\/#\/schema\/logo\/image\/","url":"https:\/\/i0.wp.com\/lapointevillas.com\/home\/wp-content\/uploads\/2017\/09\/logo_whitebg_lpv.jpg?fit=340%2C156&ssl=1","contentUrl":"https:\/\/i0.wp.com\/lapointevillas.com\/home\/wp-content\/uploads\/2017\/09\/logo_whitebg_lpv.jpg?fit=340%2C156&ssl=1","width":340,"height":156,"caption":"La Pointe Villas"},"image":{"@id":"http:\/\/lapointevillas.com\/home\/#\/schema\/logo\/image\/"},"sameAs":["https:\/\/www.facebook.com\/lapointevillas","https:\/\/www.instagram.com\/lapointevillas"]}]}},"jetpack_sharing_enabled":true,"_links":{"self":[{"href":"http:\/\/lapointevillas.com\/home\/wp-json\/wp\/v2\/pages\/3519","targetHints":{"allow":["GET"]}}],"collection":[{"href":"http:\/\/lapointevillas.com\/home\/wp-json\/wp\/v2\/pages"}],"about":[{"href":"http:\/\/lapointevillas.com\/home\/wp-json\/wp\/v2\/types\/page"}],"author":[{"embeddable":true,"href":"http:\/\/lapointevillas.com\/home\/wp-json\/wp\/v2\/users\/1"}],"replies":[{"embeddable":true,"href":"http:\/\/lapointevillas.com\/home\/wp-json\/wp\/v2\/comments?post=3519"}],"version-history":[{"count":6,"href":"http:\/\/lapointevillas.com\/home\/wp-json\/wp\/v2\/pages\/3519\/revisions"}],"predecessor-version":[{"id":4048,"href":"http:\/\/lapointevillas.com\/home\/wp-json\/wp\/v2\/pages\/3519\/revisions\/4048"}],"wp:attachment":[{"href":"http:\/\/lapointevillas.com\/home\/wp-json\/wp\/v2\/media?parent=3519"}],"curies":[{"name":"wp","href":"https:\/\/api.w.org\/{rel}","templated":true}]}}