{"id":3530,"date":"2018-09-04T12:14:42","date_gmt":"2018-09-04T12:14:42","guid":{"rendered":"http:\/\/lapointevillas.com\/home\/?page_id=3530"},"modified":"2021-09-28T06:12:18","modified_gmt":"2021-09-28T06:12:18","slug":"about_mauritius_fr","status":"publish","type":"page","link":"http:\/\/lapointevillas.com\/home\/fr\/about_mauritius_fr\/","title":{"rendered":"About_Mauritius_fr"},"content":{"rendered":"<div id='fullscreen_slider_0' class='avia-fullscreen-slider main_color  container_wrap sidebar_right'   ><a href='#next-section' title='' class='scroll-down-link av-control-default' aria-hidden='true' data-av_icon='\ue877' data-av_iconfont='entypo-fontello'><\/a><div  data-size='no scaling'  data-lightbox_size='large'  data-animation='fade'  data-ids='3797'  data-video_counter='0'  data-autoplay='false'  data-bg_slider='true'  data-slide_height='100'  data-handle='av_fullscreen'  data-interval='3'  data-class=' '  data-css_id='fullscreen_slider_0'  data-scroll_down='aviaTBscroll_down'  data-control_layout='av-control-default'  data-custom_markup=''  data-perma_caption=''  data-autoplay_stopper=''  data-image_attachment=''  data-min_height='0px'  data-stretch=''  class='avia-slideshow avia-slideshow-1 av-slider-scroll-down-active av-control-default av-default-height-applied avia-slideshow-no scaling av_fullscreen   avia-fade-slider '  itemscope=\"itemscope\" itemtype=\"https:\/\/schema.org\/ImageObject\" ><ul class='avia-slideshow-inner' style='padding-bottom: 36.6%;'><li style='background-position:top left;' data-img-url='http:\/\/lapointevillas.com\/home\/wp-content\/uploads\/2018\/05\/chamarel5.jpg' class=' av-single-slide slide-1 ' ><div data-rel='slideshow-1' class='avia-slide-wrap'  ><div class = \"caption_fullwidth av-slideshow-caption caption_right caption_right_framed caption_framed\"><div class = \"container caption_container\"><div class = \"slideshow_caption\"><div class = \"slideshow_inner_caption\"><div class = \"slideshow_align_caption\"><h2  class='avia-caption-title'  itemprop=\"name\" >Chamarel Coloured Earth<\/h2><div class='avia-caption-content '  itemprop=\"description\"  ><p>The seven-coloured earth of Chamarel is a world famous attraction and one of the most visited wonders of Mauritius.<\/p>\n<\/div><\/div><\/div><\/div><\/div><\/div><\/div><\/li><\/ul><\/div><\/div>\n<\/div><\/div><\/div><!-- close content main div --><\/div><\/div><div id='av_section_1' class='avia-section main_color avia-section-default avia-no-border-styling av-section-color-overlay-active avia-bg-style-scroll  container_wrap sidebar_right'   ><div class='av-section-color-overlay-wrap'><div class='av-section-color-overlay' style='opacity: 0.8; background-color: #ffffff; '><\/div><a href='#next-section' title='' class='scroll-down-link' aria-hidden='true' data-av_icon='\ue877' data-av_iconfont='entypo-fontello'><\/a><div class='container' ><div class='template-page content  av-content-small alpha units'><div class='post-entry post-entry-type-page post-entry-3530'><div class='entry-content-wrapper clearfix'>\n<div style='padding-bottom:20px;color:#c81f26;font-size:40px;' class='av-special-heading av-special-heading-h1 custom-color-heading blockquote modern-quote  av-inherit-size'><h1 class='av-special-heading-tag'  itemprop=\"headline\"  >Destination<\/h1><div class='special-heading-border'><div class='special-heading-inner-border' style='border-color:#c81f26'><\/div><\/div><\/div>\n<div class=\"flex_column av_three_fifth  flex_column_div av-zero-column-padding first  \" style='border-radius:0px; '><section class=\"av_textblock_section\"  itemscope=\"itemscope\" itemtype=\"https:\/\/schema.org\/CreativeWork\" ><div class='avia_textblock  av_inherit_color'  style='color:#000000; '  itemprop=\"text\" ><p>L&#8217;\u00eele Maurice est situ\u00e9e au sud-ouest de l&#8217;oc\u00e9an Indien en latitude 20<sup>0<\/sup>\u00a0sud and longitude 57<sup>0<\/sup>\u00a0\u00e0 l&#8217;est de Greenwich. L&#8217;\u00eele Maurice se trouve \u00e0 2,000 km \u00e0 l&#8217;est des c\u00f4tes du continent africain et \u00e0 855 km \u00e0 l&#8217;est de Madagascar.<\/p>\n<p>L&#8217;\u00eele, d&#8217;origine volcanique, couvre une superficie de 2,040 km<sup>2<\/sup>\u00a0et est entour\u00e9e de barri\u00e8res de corail. La surface terrestre de l&#8217;\u00eele a une \u00e9l\u00e9vation graduelle jusqu&#8217; \u00e0 670m des c\u00f4tes au plateau central. Le plateau central est entour\u00e9 par trois rang\u00e9es de montagnes ; le point le plus haut est le Piton de la Petite Rivi\u00e8re Noire qui culmine \u00e0 828 m\u00e8tres.<\/p>\n<p>L&#8217;\u00eele Maurice est un melting pot avec une combinaison int\u00e9ressante de population de diff\u00e9rentes origines. L&#8217;\u00eele peut \u00eatre consid\u00e9r\u00e9e comme \u00e9tant un exemple m\u00eame d&#8217;unit\u00e9 sociale et de tol\u00e9rance. La population mauricienne a des origines europ\u00e9ennes, africaines, indiennes et chinoises. Avec une telle richesse culturelle, l&#8217;hospitalit\u00e9 mauricienne est l\u00e9gendaire.<\/p>\n<p>L&#8217;\u00eele Maurice jouit d&#8217;une stabilit\u00e9 politique depuis son accession \u00e0 l&#8217;ind\u00e9pendance en 1968. Le gouvernement est \u00e9lu d\u00e9mocratiquement tous les 5 ans. La constitution est bas\u00e9e sur le mod\u00e8le britannique du Westminster Parliament. Chaque mouvement politique qui s&#8217;est succ\u00e9d\u00e9 au pouvoir a d\u00e9montr\u00e9 sa d\u00e9termination \u00e0 faire du pays une nation prosp\u00e8re.<\/p>\n<h2 class=\"subtitle\"><\/h2>\n<\/div><\/section><\/div><div class=\"flex_column av_one_third  flex_column_div av-zero-column-padding   \" style='border-radius:0px; '><div class='avia-image-container  av-styling-   avia-align-center '  itemscope=\"itemscope\" itemtype=\"https:\/\/schema.org\/ImageObject\"  ><div class='avia-image-container-inner'><img class='avia_image ' src='https:\/\/i0.wp.com\/lapointevillas.com\/home\/wp-content\/uploads\/2018\/05\/mauritius.gif?fit=300%2C358' alt='' title='mauritius'   itemprop=\"thumbnailUrl\"  \/><\/div><\/div><\/div><section class=\"av_textblock_section\"  itemscope=\"itemscope\" itemtype=\"https:\/\/schema.org\/CreativeWork\" ><div class='avia_textblock '   itemprop=\"text\" ><p><strong>Pour bien profiter de votre s\u00e9jour \u00e0 Maurice, ces quelques infos vous seront extr\u00eamement utiles.<\/strong><\/p>\n<\/div><\/section>\n<section class=\"av_textblock_section\"  itemscope=\"itemscope\" itemtype=\"https:\/\/schema.org\/CreativeWork\" ><div class='avia_textblock  av_inherit_color'  style='color:#000000; '  itemprop=\"text\" ><table>\n<tbody>\n<tr>\n<td><b>Capitale<\/b><\/td>\n<td>Port-Louis<\/td>\n<\/tr>\n<tr>\n<td valign=\"top\"><b>Les villes principales<\/b><\/td>\n<td>Curepipe, Rose-Hill, Beau-Bassin, Quatre-Bornes, Vacoas,<br \/>\nPhoenix, Centre de Flacq, Mahebourg, Grand Bay<\/td>\n<\/tr>\n<tr>\n<td><b>Superficie<\/b><\/td>\n<td>2 040 km<sup>2<\/sup><\/td>\n<\/tr>\n<tr>\n<td><b>Indicatif t\u00e9l\u00e9phonique<\/b><\/td>\n<td>+230<\/td>\n<\/tr>\n<tr>\n<td><b>Population<\/b><\/td>\n<td>1.3 million (approx.)<\/td>\n<\/tr>\n<tr>\n<td><b>D\u00e9calage horaire<\/b><\/td>\n<td>GMT\/UTC + 4h<\/td>\n<\/tr>\n<tr>\n<td valign=\"top\"><\/td>\n<td><\/td>\n<\/tr>\n<\/tbody>\n<\/table>\n<p><strong><b>Langues<\/b><\/strong><\/p>\n<ul>\n<li>L\u2019\u00eele Maurice est bilingue (anglais-fran\u00e7ais), mais sa population ayant des origines tr\u00e8s diverses, de nombreuses autres langues sont en usage dans le pays.<\/li>\n<li>Le cr\u00e9ole (ou \u2018kreol\u2019), langue nationale, s\u2019apparente au fran\u00e7ais.<\/li>\n<li>Le fran\u00e7ais est utilis\u00e9 par plus de 97% de la population.<\/li>\n<li>L\u2019anglais est peu utilis\u00e9 au quotidien, mais g\u00e9n\u00e9ralement compris par presque tous.<\/li>\n<li>L\u2019hindi est aussi utilis\u00e9 ainsi que l\u2019ourdou et le bhojpuri (surtout en r\u00e9gion rurale).<\/li>\n<li>Le mandarin est tr\u00e8s peu utilis\u00e9.<\/li>\n<li>L\u2019arabe classique est tr\u00e8s peu utilis\u00e9.<\/li>\n<\/ul>\n<p>Parmi les autres langues europ\u00e9ennes, l\u2019italien, l\u2019espagnol et l\u2019allemand sont compris par certains Mauriciens.<\/p>\n<p><strong><b>Climat<\/b><\/strong><\/p>\n<p>L\u2019\u00eele Maurice a deux saisons, l\u2019hiver (mai \u00e0 octobre) et l\u2019\u00e9t\u00e9 (novembre \u00e0 avril). Les temp\u00e9ratures ne d\u00e9passent pas les 34\u00b0 C en moyenne et les minimales se situent autour de 10-12\u00b0 C en plein hiver (juillet-ao\u00fbt).<\/p>\n<ul>\n<li>L\u2019\u00e9t\u00e9 est la saison des cyclones (d\u00e9cembre \u00e0 f\u00e9vrier).<\/li>\n<li>Le littoral et Port-Louis affichent les temp\u00e9ratures les plus \u00e9lev\u00e9es en \u00e9t\u00e9.<\/li>\n<li>Les villes de Curepipe et de Vacoas, et les alentours affichent les temp\u00e9ratures les plus basses en hiver.<\/li>\n<li>La saison pluviale dure tout l\u2019\u00e9t\u00e9, mais l\u2019on constate aussi des pr\u00e9cipitations en hiver.<\/li>\n<\/ul>\n<p><strong><b>Transport<\/b><\/strong><\/p>\n<p>La conduite se fait \u00e0 gauche. Autrement, le code de la route est calqu\u00e9 sur les normes internationales et il est facile pour le visiteur de s\u2019y retrouver.<\/p>\n<ul>\n<li>Transport public par autobus, de 5 h 30 \u00e0 20 h 00 en r\u00e9gion urbaine et de 6 h 30\u00a0\u00e0 18 h 30 en r\u00e9gion rurale.<\/li>\n<li>Taxis disponibles partout.<\/li>\n<li>Plusieurs agences proposent la location de voitures.<\/li>\n<li>Ceinture de s\u00e9curit\u00e9 obligatoire.<\/li>\n<li>La conduite en \u00e9tat d\u2019ivresse est passible de condamnations p\u00e9nales.<\/li>\n<li>La cigarette est interdite si le conducteur n\u2019est pas seul dans le v\u00e9hicule.<\/li>\n<li>Les enfants de moins de 10 ne peuvent utiliser le si\u00e8ge passager avant.<\/li>\n<li>Les deux-roues doivent toujours circuler du c\u00f4t\u00e9 gauche de la route.<\/li>\n<li>La priorit\u00e9 est aux v\u00e9hicules venant de la droite.<\/li>\n<li>L\u2019utilisation du t\u00e9l\u00e9phone portable au volant est interdite.<\/li>\n<\/ul>\n<p>Dans les villes, les stations-service op\u00e8rent jusqu\u2019\u00e0 21h. Seules quatre stations-service op\u00e8rent 24 heures sur 24 (\u00e0 GRNO, Mapou, Rose-Hill et Bagatelle).<\/p>\n<p><strong><b>Tarifs d\u2019autobus\u00a0: <\/b><\/strong>de Rs 12 \u00e0 Rs 37, d\u00e9pendant des trajets<\/p>\n<p><strong><b>\u00a0<\/b><\/strong><\/p>\n<p><strong><b>Argent<\/b><\/strong><\/p>\n<p>La monnaie mauricienne est la roupie. Mais les transactions dans d\u2019autres devises (euro, dollar am\u00e9ricain, livre sterling et roupie indienne) sont accept\u00e9es par certains commer\u00e7ants. L\u2019id\u00e9al\u00a0: une carte bancaire.<\/p>\n<ul>\n<li>Les banques op\u00e8rent du lundi au jeudi de 9 h 00 \u00e0 15 h 00 et le vendredi de 9 h 00 \u00e0 16 h 30. Elles sont ferm\u00e9es le samedi, le dimanche et les jours f\u00e9ri\u00e9s.<\/li>\n<li>Les cartes bancaires sont accept\u00e9es par la majorit\u00e9 des commer\u00e7ants, peu importe leur d\u00e9nomination.<\/li>\n<li>La TVA est remboursable sur certains de vos achats \u00e0 un guichet de la Chambre de Commerce et d\u2019Industrie \u00e0 l\u2019a\u00e9roport.<\/li>\n<li>Pour se faire rembourser la TVA, le visiteur doit se munir de son passeport.<\/li>\n<\/ul>\n<p><strong><b>S\u00e9curit\u00e9 personnelle<\/b><\/strong><\/p>\n<p>Certains endroits sont \u00e0 \u00e9viter quand vous vous d\u00e9placez seul ou en petits groupes, surtout le soir. En cas de doute, demandez conseil \u00e0 l\u2019h\u00f4tel ou \u00e0 la villa o\u00f9 vous s\u00e9journez.<\/p>\n<ul>\n<li>Ne vous d\u00e9placez jamais avec de fortes sommes d\u2019argent ou des objets de valeur, surtout quand vous \u00eates \u00e0 pied.<\/li>\n<li>Les num\u00e9ros d\u2019appel d\u2019urgence sont le 999 d\u2019un poste fixe et le 112 d\u2019un portable.<\/li>\n<li>Les pompiers sont joignables sur le 995 depuis un poste fixe et le 115 depuis un portable.<\/li>\n<li>Sur les bateaux de plaisance, le gilet de sauvetage est obligatoire.<\/li>\n<\/ul>\n<p><strong><b>Services de sant\u00e9<\/b><\/strong><\/p>\n<p>Maurice dispose d\u2019h\u00f4pitaux publics gratuits pour tous, et de cliniques priv\u00e9es offrant des services payants.<\/p>\n<ul>\n<li>Le SAMU est joignable en appelant le 114.<\/li>\n<li>Certains m\u00e9dicaments sont disponibles uniquement sur ordonnance.<\/li>\n<\/ul>\n<p><strong><b>Lieux de culte<\/b><\/strong><\/p>\n<p>Les lieux de culte affichent souvent des r\u00e8gles qu\u2019il convient de bien respecter.<\/p>\n<ul>\n<li>Dans les temples hindous et les mosqu\u00e9es, il faut se d\u00e9chausser.<\/li>\n<li>Porter des v\u00eatements appropri\u00e9s (pas de tenue de plage, par exemple, ni de mini-jupe).<\/li>\n<li>Les mosqu\u00e9es sont en g\u00e9n\u00e9ral interdites aux non-musulmans et aux femmes.<\/li>\n<\/ul>\n<p><strong><b>Divers<\/b><\/strong><\/p>\n<ul>\n<li>Tension nominale\u00a0: 220 \u00e0 240 volts.<\/li>\n<li>Prises type G (3 broches). Certains h\u00f4tels proposent des prises europ\u00e9ennes de type E\/F.<\/li>\n<li>Munissez-vous d\u2019un adaptateur secteur pour recharger vos appareils \u00e9lectroniques.<\/li>\n<li>Lisez bien la notice de votre appareil pour savoir s\u2019il supporte les tensions de 220 volts.<\/li>\n<\/ul>\n<h2 class=\"subtitle\"><\/h2>\n<\/div><\/section>\n<div class=\"flex_column av_one_full  flex_column_div av-zero-column-padding first  \" style='border-radius:0px; '><section class=\"av_textblock_section\"  itemscope=\"itemscope\" itemtype=\"https:\/\/schema.org\/CreativeWork\" ><div class='avia_textblock '   itemprop=\"text\" ><p id=\"tw-target-text\" class=\"tw-data-text tw-ta tw-text-medium\" dir=\"ltr\" data-placeholder=\"Translation\"><strong><span lang=\"fr\">En savoir plus sur l&#8217;\u00eele Maurice:<\/span><\/strong><\/p>\n<\/div><\/section><\/div><div class=\"flex_column av_one_third  flex_column_div av-zero-column-padding first  \" style='border-radius:0px; '><p><div class='avia-image-container avia_animated_image avia_animate_when_almost_visible fade-in av-styling- av-hover-grow  avia-align-center '  itemscope=\"itemscope\" itemtype=\"https:\/\/schema.org\/ImageObject\"  ><div class='avia-image-container-inner'><a href='https:\/\/my-mozaik.com\/en\/' class='avia_image'  ><img class='avia_image ' src='https:\/\/i0.wp.com\/lapointevillas.com\/home\/wp-content\/uploads\/2018\/08\/logo-mozaik.jpg?fit=300%2C93' alt='' title='logo-mozaik'  itemprop=\"thumbnailUrl\"  \/><\/a><\/div><\/div><br \/>\n<section class=\"av_textblock_section\"  itemscope=\"itemscope\" itemtype=\"https:\/\/schema.org\/CreativeWork\" ><div class='avia_textblock '   itemprop=\"text\" ><p style=\"text-align: center;\"><a href=\"https:\/\/my-mozaik.com\/en\/\">Mozaik<\/a><\/p>\n<\/div><\/section><\/p><\/div><div class=\"flex_column av_one_third  flex_column_div av-zero-column-padding   \" style='border-radius:0px; '><p><div class='avia-image-container avia_animated_image avia_animate_when_almost_visible fade-in av-styling- av-hover-grow  avia-align-center '  itemscope=\"itemscope\" itemtype=\"https:\/\/schema.org\/ImageObject\"  ><div class='avia-image-container-inner'><a href='http:\/\/www.tourism-mauritius.mu\/index.php?lang=en' class='avia_image'  ><img class='avia_image ' src='https:\/\/i0.wp.com\/lapointevillas.com\/home\/wp-content\/uploads\/2018\/08\/mauritius-logo.png?fit=222%2C87' alt='' title='mauritius-logo'  itemprop=\"thumbnailUrl\"  \/><\/a><\/div><\/div><br \/>\n<section class=\"av_textblock_section\"  itemscope=\"itemscope\" itemtype=\"https:\/\/schema.org\/CreativeWork\" ><div class='avia_textblock '   itemprop=\"text\" ><p style=\"text-align: center;\"><a class=\"link\" href=\"http:\/\/www.tourism-mauritius.mu\/index.php?lang=en\" target=\"_blank\" rel=\"noopener\">Discover Mauritius<\/a><\/p>\n<\/div><\/section><\/p><\/div>\n<\/div><\/div><\/div><!-- close content main div --><\/div><\/div><\/div><div id='after_section_1' class='main_color av_default_container_wrap container_wrap sidebar_right'   ><div class='container' ><div class='template-page content  av-content-small alpha units'><div class='post-entry post-entry-type-page post-entry-3530'><div class='entry-content-wrapper clearfix'>\n","protected":false},"excerpt":{"rendered":"","protected":false},"author":1,"featured_media":0,"parent":0,"menu_order":0,"comment_status":"closed","ping_status":"closed","template":"","meta":{"nf_dc_page":"","footnotes":""},"class_list":["post-3530","page","type-page","status-publish","hentry"],"yoast_head":"<!-- This site is optimized with the Yoast SEO plugin v27.3 - https:\/\/yoast.com\/product\/yoast-seo-wordpress\/ -->\n<title>About_Mauritius_fr - La Pointe Villas<\/title>\n<meta name=\"robots\" content=\"index, follow, max-snippet:-1, max-image-preview:large, max-video-preview:-1\" \/>\n<link rel=\"canonical\" href=\"http:\/\/lapointevillas.com\/home\/fr\/about_mauritius_fr\/\" \/>\n<meta property=\"og:locale\" content=\"en_US\" \/>\n<meta property=\"og:type\" content=\"article\" \/>\n<meta property=\"og:title\" content=\"About_Mauritius_fr - La Pointe Villas\" \/>\n<meta property=\"og:url\" content=\"http:\/\/lapointevillas.com\/home\/fr\/about_mauritius_fr\/\" \/>\n<meta property=\"og:site_name\" content=\"La Pointe Villas\" \/>\n<meta property=\"article:publisher\" content=\"https:\/\/www.facebook.com\/lapointevillas\" \/>\n<meta property=\"article:modified_time\" content=\"2021-09-28T06:12:18+00:00\" \/>\n<meta property=\"og:image\" content=\"https:\/\/i0.wp.com\/lapointevillas.com\/home\/wp-content\/uploads\/2025\/10\/la-pointe-villas-1.jpg?fit=1080%2C1080\" \/>\n\t<meta property=\"og:image:width\" content=\"1080\" \/>\n\t<meta property=\"og:image:height\" content=\"1080\" \/>\n\t<meta property=\"og:image:type\" content=\"image\/jpeg\" \/>\n<meta name=\"twitter:card\" content=\"summary_large_image\" \/>\n<meta name=\"twitter:label1\" content=\"Est. reading time\" \/>\n\t<meta name=\"twitter:data1\" content=\"9 minutes\" \/>\n<script type=\"application\/ld+json\" class=\"yoast-schema-graph\">{\"@context\":\"https:\\\/\\\/schema.org\",\"@graph\":[{\"@type\":\"WebPage\",\"@id\":\"http:\\\/\\\/lapointevillas.com\\\/home\\\/fr\\\/about_mauritius_fr\\\/\",\"url\":\"http:\\\/\\\/lapointevillas.com\\\/home\\\/fr\\\/about_mauritius_fr\\\/\",\"name\":\"About_Mauritius_fr - La Pointe Villas\",\"isPartOf\":{\"@id\":\"http:\\\/\\\/lapointevillas.com\\\/home\\\/#website\"},\"datePublished\":\"2018-09-04T12:14:42+00:00\",\"dateModified\":\"2021-09-28T06:12:18+00:00\",\"breadcrumb\":{\"@id\":\"http:\\\/\\\/lapointevillas.com\\\/home\\\/fr\\\/about_mauritius_fr\\\/#breadcrumb\"},\"inLanguage\":\"en-US\",\"potentialAction\":[{\"@type\":\"ReadAction\",\"target\":[\"http:\\\/\\\/lapointevillas.com\\\/home\\\/fr\\\/about_mauritius_fr\\\/\"]}]},{\"@type\":\"BreadcrumbList\",\"@id\":\"http:\\\/\\\/lapointevillas.com\\\/home\\\/fr\\\/about_mauritius_fr\\\/#breadcrumb\",\"itemListElement\":[{\"@type\":\"ListItem\",\"position\":1,\"name\":\"Home\",\"item\":\"http:\\\/\\\/lapointevillas.com\\\/home\\\/\"},{\"@type\":\"ListItem\",\"position\":2,\"name\":\"About_Mauritius_fr\"}]},{\"@type\":\"WebSite\",\"@id\":\"http:\\\/\\\/lapointevillas.com\\\/home\\\/#website\",\"url\":\"http:\\\/\\\/lapointevillas.com\\\/home\\\/\",\"name\":\"La Pointe Villas\",\"description\":\"\",\"publisher\":{\"@id\":\"http:\\\/\\\/lapointevillas.com\\\/home\\\/#organization\"},\"potentialAction\":[{\"@type\":\"SearchAction\",\"target\":{\"@type\":\"EntryPoint\",\"urlTemplate\":\"http:\\\/\\\/lapointevillas.com\\\/home\\\/?s={search_term_string}\"},\"query-input\":{\"@type\":\"PropertyValueSpecification\",\"valueRequired\":true,\"valueName\":\"search_term_string\"}}],\"inLanguage\":\"en-US\"},{\"@type\":\"Organization\",\"@id\":\"http:\\\/\\\/lapointevillas.com\\\/home\\\/#organization\",\"name\":\"La Pointe Villas\",\"url\":\"http:\\\/\\\/lapointevillas.com\\\/home\\\/\",\"logo\":{\"@type\":\"ImageObject\",\"inLanguage\":\"en-US\",\"@id\":\"http:\\\/\\\/lapointevillas.com\\\/home\\\/#\\\/schema\\\/logo\\\/image\\\/\",\"url\":\"https:\\\/\\\/i0.wp.com\\\/lapointevillas.com\\\/home\\\/wp-content\\\/uploads\\\/2017\\\/09\\\/logo_whitebg_lpv.jpg?fit=340%2C156&ssl=1\",\"contentUrl\":\"https:\\\/\\\/i0.wp.com\\\/lapointevillas.com\\\/home\\\/wp-content\\\/uploads\\\/2017\\\/09\\\/logo_whitebg_lpv.jpg?fit=340%2C156&ssl=1\",\"width\":340,\"height\":156,\"caption\":\"La Pointe Villas\"},\"image\":{\"@id\":\"http:\\\/\\\/lapointevillas.com\\\/home\\\/#\\\/schema\\\/logo\\\/image\\\/\"},\"sameAs\":[\"https:\\\/\\\/www.facebook.com\\\/lapointevillas\",\"https:\\\/\\\/www.instagram.com\\\/lapointevillas\"]}]}<\/script>\n<!-- \/ Yoast SEO plugin. -->","yoast_head_json":{"title":"About_Mauritius_fr - La Pointe Villas","robots":{"index":"index","follow":"follow","max-snippet":"max-snippet:-1","max-image-preview":"max-image-preview:large","max-video-preview":"max-video-preview:-1"},"canonical":"http:\/\/lapointevillas.com\/home\/fr\/about_mauritius_fr\/","og_locale":"en_US","og_type":"article","og_title":"About_Mauritius_fr - La Pointe Villas","og_url":"http:\/\/lapointevillas.com\/home\/fr\/about_mauritius_fr\/","og_site_name":"La Pointe Villas","article_publisher":"https:\/\/www.facebook.com\/lapointevillas","article_modified_time":"2021-09-28T06:12:18+00:00","og_image":[{"width":1080,"height":1080,"url":"https:\/\/i0.wp.com\/lapointevillas.com\/home\/wp-content\/uploads\/2025\/10\/la-pointe-villas-1.jpg?fit=1080%2C1080","type":"image\/jpeg"}],"twitter_card":"summary_large_image","twitter_misc":{"Est. reading time":"9 minutes"},"schema":{"@context":"https:\/\/schema.org","@graph":[{"@type":"WebPage","@id":"http:\/\/lapointevillas.com\/home\/fr\/about_mauritius_fr\/","url":"http:\/\/lapointevillas.com\/home\/fr\/about_mauritius_fr\/","name":"About_Mauritius_fr - La Pointe Villas","isPartOf":{"@id":"http:\/\/lapointevillas.com\/home\/#website"},"datePublished":"2018-09-04T12:14:42+00:00","dateModified":"2021-09-28T06:12:18+00:00","breadcrumb":{"@id":"http:\/\/lapointevillas.com\/home\/fr\/about_mauritius_fr\/#breadcrumb"},"inLanguage":"en-US","potentialAction":[{"@type":"ReadAction","target":["http:\/\/lapointevillas.com\/home\/fr\/about_mauritius_fr\/"]}]},{"@type":"BreadcrumbList","@id":"http:\/\/lapointevillas.com\/home\/fr\/about_mauritius_fr\/#breadcrumb","itemListElement":[{"@type":"ListItem","position":1,"name":"Home","item":"http:\/\/lapointevillas.com\/home\/"},{"@type":"ListItem","position":2,"name":"About_Mauritius_fr"}]},{"@type":"WebSite","@id":"http:\/\/lapointevillas.com\/home\/#website","url":"http:\/\/lapointevillas.com\/home\/","name":"La Pointe Villas","description":"","publisher":{"@id":"http:\/\/lapointevillas.com\/home\/#organization"},"potentialAction":[{"@type":"SearchAction","target":{"@type":"EntryPoint","urlTemplate":"http:\/\/lapointevillas.com\/home\/?s={search_term_string}"},"query-input":{"@type":"PropertyValueSpecification","valueRequired":true,"valueName":"search_term_string"}}],"inLanguage":"en-US"},{"@type":"Organization","@id":"http:\/\/lapointevillas.com\/home\/#organization","name":"La Pointe Villas","url":"http:\/\/lapointevillas.com\/home\/","logo":{"@type":"ImageObject","inLanguage":"en-US","@id":"http:\/\/lapointevillas.com\/home\/#\/schema\/logo\/image\/","url":"https:\/\/i0.wp.com\/lapointevillas.com\/home\/wp-content\/uploads\/2017\/09\/logo_whitebg_lpv.jpg?fit=340%2C156&ssl=1","contentUrl":"https:\/\/i0.wp.com\/lapointevillas.com\/home\/wp-content\/uploads\/2017\/09\/logo_whitebg_lpv.jpg?fit=340%2C156&ssl=1","width":340,"height":156,"caption":"La Pointe Villas"},"image":{"@id":"http:\/\/lapointevillas.com\/home\/#\/schema\/logo\/image\/"},"sameAs":["https:\/\/www.facebook.com\/lapointevillas","https:\/\/www.instagram.com\/lapointevillas"]}]}},"jetpack_sharing_enabled":true,"_links":{"self":[{"href":"http:\/\/lapointevillas.com\/home\/wp-json\/wp\/v2\/pages\/3530","targetHints":{"allow":["GET"]}}],"collection":[{"href":"http:\/\/lapointevillas.com\/home\/wp-json\/wp\/v2\/pages"}],"about":[{"href":"http:\/\/lapointevillas.com\/home\/wp-json\/wp\/v2\/types\/page"}],"author":[{"embeddable":true,"href":"http:\/\/lapointevillas.com\/home\/wp-json\/wp\/v2\/users\/1"}],"replies":[{"embeddable":true,"href":"http:\/\/lapointevillas.com\/home\/wp-json\/wp\/v2\/comments?post=3530"}],"version-history":[{"count":5,"href":"http:\/\/lapointevillas.com\/home\/wp-json\/wp\/v2\/pages\/3530\/revisions"}],"predecessor-version":[{"id":3813,"href":"http:\/\/lapointevillas.com\/home\/wp-json\/wp\/v2\/pages\/3530\/revisions\/3813"}],"wp:attachment":[{"href":"http:\/\/lapointevillas.com\/home\/wp-json\/wp\/v2\/media?parent=3530"}],"curies":[{"name":"wp","href":"https:\/\/api.w.org\/{rel}","templated":true}]}}